{"id":3482,"date":"2021-10-22T10:48:12","date_gmt":"2021-10-22T08:48:12","guid":{"rendered":"http:\/\/soljardi.volcanicvalley.com\/politique-de-confidentialit\/"},"modified":"2021-12-17T11:44:05","modified_gmt":"2021-12-17T09:44:05","slug":"politique-de-confidentialit","status":"publish","type":"page","link":"https:\/\/www.soljardi.com\/fr\/politique-de-confidentialit\/","title":{"rendered":"Politique de confidentialit\u00e9"},"content":{"rendered":"\n<p>Raison sociale\u00a0: <strong>SOLJARDI SL<\/strong><\/p>\n\n\n\n<p>Nom commercial\u00a0: <strong>SOLJARDI SL<\/strong><\/p>\n\n\n\n<p>Si\u00e8ge social : <strong>C\/ Major, 32 \/ 17143 Jafre, Girona (Espagne)<\/strong><\/p>\n\n\n\n<p>CIF\/ NIF: <strong>B17295452<\/strong><\/p>\n\n\n\n<p>T\u00e9l\u00e9phone\u00a0: <strong>+ 34 972 768 024<\/strong><\/p>\n\n\n\n<p>Courrier \u00e9lectronique : <strong><a href=\"mailto:info@soljardi.com\">info@soljardi.com<\/a><\/strong><\/p>\n\n\n\n<p>Nom de domaine : <strong><a href=\"http:\/\/soljardi.com\">www.soljardi.com<\/a><\/strong><\/p>\n\n\n\n<p>Conform\u00e9ment aux dispositions de la loi organique 15\/1999 relative \u00e0 la protection des donn\u00e9es personnelles (LOPD) et \u00e0 son r\u00e8glement d\u2019application, le responsable du site web, informe, en application des dispositions des articles 5 et 6 de la LOPD, tous les utilisateurs de son site web qui fournissent ou doivent fournir leurs donn\u00e9es personnelles que ces donn\u00e9es seront introduites dans un fichier automatis\u00e9 d\u00fbment inscrit \u00e0 l\u2019Agence espagnole pour la protection des donn\u00e9es.<\/p>\n\n\n\n<p>En cochant la case, les utilisateurs acceptent express\u00e9ment, volontairement et explicitement que leurs donn\u00e9es personnelles soient trait\u00e9es par le prestataire en vue des finalit\u00e9s suivantes&nbsp;:<\/p>\n\n\n\n<ul class=\"wp-block-list\"><li>Envoi de communications commerciales publicitaires par mail, fax, sms, mms, communiqu\u00e9s sociaux ou tout autre moyen \u00e9lectronique ou physique, pr\u00e9sent ou futur, permettant d\u2019effectuer des communications commerciales. Lesdites communications commerciales auront trait \u00e0 des produits ou \u00e0 des services propos\u00e9s par le prestataire, ainsi que par les collaborateurs ou partenaires avec lesquels celui-ci aurait conclu un accord de promotion commerciale aupr\u00e8s de ses clients. Dans ce dernier cas, les tiers n\u2019auront jamais acc\u00e8s aux donn\u00e9es personnelles. Les communications commerciales seront toujours effectu\u00e9es par le prestataire et concerneront des produits et des services li\u00e9s au secteur du prestataire.<\/li><li>R\u00e9alisation d\u2019\u00e9tudes statistiques.<\/li><li>Traitement de commande, de demandes ou de tout type de requ\u00eates \u00e9manant de l\u2019utilisateur sur le site web de la soci\u00e9t\u00e9.<\/li><li>Remise du bulletin d\u2019actualit\u00e9s du site web.<\/li><\/ul>\n\n\n\n<p>Le prestataire informe et garantit express\u00e9ment aux utilisateurs que leurs donn\u00e9es personnelles ne seront en aucun cas c\u00e9d\u00e9es \u00e0 des tiers et que tout transfert de donn\u00e9es \u00e0 caract\u00e8re personnel ne pourra \u00eatre effectu\u00e9 qu\u2019avec le consentement&nbsp; pr\u00e9alable expr\u00e8s, \u00e9clair\u00e9 et explicite de leurs titulaires.<\/p>\n\n\n\n<p>Toutes les donn\u00e9es demand\u00e9es via le site web sont obligatoires et indispensables pour pr\u00eater un service optimal \u00e0 l\u2019utilisateur. Si toutes les donn\u00e9es ne sont pas fournies, le prestataire ne peut garantir que l\u2019information et les services qu\u2019il procure seront enti\u00e8rement ajust\u00e9s aux besoins de l\u2019utilisateur.<\/p>\n\n\n\n<p>Le prestataire garantit \u00e0 l\u2019utilisateur le plein exercice de ses droits d\u2019acc\u00e8s, de rectification, d\u2019annulation, d\u2019information et d\u2019opposition, dans les conditions \u00e9nonc\u00e9es par la l\u00e9gislation en vigueur. Ainsi, l\u2019utilisateur pourra, conform\u00e9ment \u00e0 loi organique 15\/1999 relative \u00e0 la protection des donn\u00e9es personnelles (LOPD), exercer ses droits en faisant parvenir une requ\u00eate \u00e0 cet effet, accompagn\u00e9e d\u2019une copie de sa carte d\u2019identit\u00e9 nationale, par l\u2019un des moyens suivants&nbsp;:<\/p>\n\n\n\n<ul class=\"wp-block-list\"><li>Courrier \u00e9lectronique\u00a0: <strong><a href=\"mailto:info@soljardi.com\">info@soljardi.com<\/a><\/strong><\/li><li>Fax : <strong>972 768 024<\/strong><\/li><li>Courrier postal : <strong>C\/ Major, 32 - 17143 Jafre \u2013 Girona \u2013 (Espagne)<\/strong><\/li><\/ul>\n\n\n\n<p>De m\u00eame, l\u2019utilisateur pourra se d\u00e9sinscrire de chacun des services qu\u2019il a souscrits en se rendant dans la section permettant de se d\u00e9sinscrire de tous les courriers \u00e9lectroniques envoy\u00e9s par le prestataire.<\/p>\n\n\n\n<p>Par ailleurs, le prestataire informe avoir adopt\u00e9 toutes les mesures techniques et organisationnelles n\u00e9cessaires pour garantir la s\u00e9curit\u00e9 et l\u2019int\u00e9grit\u00e9 des donn\u00e9es personnelles qu\u2019il traite et en \u00e9viter la perte, la modification et\/ou l\u2019acc\u00e8s par des tiers non autoris\u00e9s.<\/p>\n\n\n\n<p><strong>ADRESSES IP<\/strong><\/p>\n\n\n\n<p>Les serveurs du site web pourront d\u00e9tecter automatiquement l\u2019adresse IP et le nom de domaine employ\u00e9s par l\u2019utilisateur. Une adresse IP est un num\u00e9ro d'identification automatiquement attribu\u00e9 \u00e0 un ordinateur connect\u00e9 \u00e0 un r\u00e9seau Internet. Cette information est enregistr\u00e9e dans un fichier d\u2019activit\u00e9 du serviteur, d\u00fbment inscrit, qui permet le traitement ult\u00e9rieur des donn\u00e9es dans le but d\u2019obtenir des mesures uniquement statistiques. Ces derni\u00e8res permettent de conna\u00eetre le nombre d\u2019impressions de pages, le nombre de visites effectu\u00e9es aux services du site, l\u2019ordre des visites, le point d\u2019acc\u00e8s, etc.<\/p>\n\n\n\n<p><strong>S\u00c9CURIT\u00c9<\/strong><\/p>\n\n\n\n<p>Le site web met en \u0153uvre les techniques de s\u00e9curit\u00e9 de l\u2019information g\u00e9n\u00e9ralement admises dans l\u2019industrie comme les pare-feu, les proc\u00e9dures de contr\u00f4le et les m\u00e9canismes cryptographiques, dans le but d\u2019emp\u00eacher tout acc\u00e8s non autoris\u00e9 aux donn\u00e9es. Pour ce faire, l\u2019utilisateur \/ client accepte que le prestataire obtienne des donn\u00e9es pertinentes visant \u00e0 l\u2019authentification des contr\u00f4les d\u2019acc\u00e8s.<\/p>\n\n\n\n<p>Tout processus de passation ou impliquant la saisie de donn\u00e9es personnelles \u00e0 caract\u00e8re sensible (sant\u00e9, id\u00e9ologie, etc.) sera transmis sans exception moyennant un protocole de communication s\u00e9curis\u00e9 (https:\/\/\u2026) de fa\u00e7on \u00e0 ce qu\u2019aucun tiers ne puisse avoir acc\u00e8s \u00e0 l\u2019information transmise par voie \u00e9lectronique.<\/p>\n","protected":false},"excerpt":{"rendered":"<p>Raison sociale\u00a0: SOLJARDI SL Nom commercial\u00a0: SOLJARDI SL Si\u00e8ge social : C\/ Major, 32 \/ 17143 Jafre, Girona (Espagne) CIF\/ NIF: B17295452 T\u00e9l\u00e9phone\u00a0: + 34 972 768 024 Courrier \u00e9lectronique : info@soljardi.com Nom de domaine : www.soljardi.com Conform\u00e9ment aux dispositions de la loi organique 15\/1999 relative \u00e0 la protection des donn\u00e9es personnelles (LOPD) et \u00e0 [&hellip;]<\/p>\n","protected":false},"author":1,"featured_media":0,"parent":0,"menu_order":0,"comment_status":"closed","ping_status":"closed","template":"","meta":{"_acf_changed":false,"footnotes":""},"page_template":[50],"class_list":["post-3482","page","type-page","status-publish","hentry","page_template-legal-pages"],"acf":[],"yoast_head":"<!-- This site is optimized with the Yoast SEO plugin v25.0 - https:\/\/yoast.com\/wordpress\/plugins\/seo\/ -->\n<title>Politique de confidentialit\u00e9 - Sol Jard\u00ed<\/title>\n<meta name=\"robots\" content=\"index, follow, max-snippet:-1, max-image-preview:large, max-video-preview:-1\" \/>\n<link rel=\"canonical\" href=\"https:\/\/www.soljardi.com\/fr\/politique-de-confidentialit\/\" \/>\n<meta property=\"og:locale\" content=\"fr_FR\" \/>\n<meta property=\"og:type\" content=\"article\" \/>\n<meta property=\"og:title\" content=\"Politique de confidentialit\u00e9 - Sol Jard\u00ed\" \/>\n<meta property=\"og:description\" content=\"Raison sociale\u00a0: SOLJARDI SL Nom commercial\u00a0: SOLJARDI SL Si\u00e8ge social : C\/ Major, 32 \/ 17143 Jafre, Girona (Espagne) CIF\/ NIF: B17295452 T\u00e9l\u00e9phone\u00a0: + 34 972 768 024 Courrier \u00e9lectronique : info@soljardi.com Nom de domaine : www.soljardi.com Conform\u00e9ment aux dispositions de la loi organique 15\/1999 relative \u00e0 la protection des donn\u00e9es personnelles (LOPD) et \u00e0 [&hellip;]\" \/>\n<meta property=\"og:url\" content=\"https:\/\/www.soljardi.com\/fr\/politique-de-confidentialit\/\" \/>\n<meta property=\"og:site_name\" content=\"Sol Jard\u00ed\" \/>\n<meta property=\"article:modified_time\" content=\"2021-12-17T09:44:05+00:00\" \/>\n<meta name=\"twitter:card\" content=\"summary_large_image\" \/>\n<meta name=\"twitter:label1\" content=\"Est. reading time\" \/>\n\t<meta name=\"twitter:data1\" content=\"4 minutes\" \/>\n<script type=\"application\/ld+json\" class=\"yoast-schema-graph\">{\"@context\":\"https:\/\/schema.org\",\"@graph\":[{\"@type\":\"WebPage\",\"@id\":\"https:\/\/www.soljardi.com\/fr\/politique-de-confidentialit\/\",\"url\":\"https:\/\/www.soljardi.com\/fr\/politique-de-confidentialit\/\",\"name\":\"Politique de confidentialit\u00e9 - Sol Jard\u00ed\",\"isPartOf\":{\"@id\":\"https:\/\/www.soljardi.com\/fr\/#website\"},\"datePublished\":\"2021-10-22T08:48:12+00:00\",\"dateModified\":\"2021-12-17T09:44:05+00:00\",\"breadcrumb\":{\"@id\":\"https:\/\/www.soljardi.com\/fr\/politique-de-confidentialit\/#breadcrumb\"},\"inLanguage\":\"fr-FR\",\"potentialAction\":[{\"@type\":\"ReadAction\",\"target\":[\"https:\/\/www.soljardi.com\/fr\/politique-de-confidentialit\/\"]}]},{\"@type\":\"BreadcrumbList\",\"@id\":\"https:\/\/www.soljardi.com\/fr\/politique-de-confidentialit\/#breadcrumb\",\"itemListElement\":[{\"@type\":\"ListItem\",\"position\":1,\"name\":\"Inici\",\"item\":\"https:\/\/www.soljardi.com\/fr\/\"},{\"@type\":\"ListItem\",\"position\":2,\"name\":\"Politique de confidentialit\u00e9\"}]},{\"@type\":\"WebSite\",\"@id\":\"https:\/\/www.soljardi.com\/fr\/#website\",\"url\":\"https:\/\/www.soljardi.com\/fr\/\",\"name\":\"Sol Jard\u00ed\",\"description\":\"Dedicats al cultiu d&#039;arbres fruiters en contenidor a Girona\",\"potentialAction\":[{\"@type\":\"SearchAction\",\"target\":{\"@type\":\"EntryPoint\",\"urlTemplate\":\"https:\/\/www.soljardi.com\/fr\/?s={search_term_string}\"},\"query-input\":{\"@type\":\"PropertyValueSpecification\",\"valueRequired\":true,\"valueName\":\"search_term_string\"}}],\"inLanguage\":\"fr-FR\"}]}<\/script>\n<!-- \/ Yoast SEO plugin. -->","yoast_head_json":{"title":"Politique de confidentialit\u00e9 - Sol Jard\u00ed","robots":{"index":"index","follow":"follow","max-snippet":"max-snippet:-1","max-image-preview":"max-image-preview:large","max-video-preview":"max-video-preview:-1"},"canonical":"https:\/\/www.soljardi.com\/fr\/politique-de-confidentialit\/","og_locale":"fr_FR","og_type":"article","og_title":"Politique de confidentialit\u00e9 - Sol Jard\u00ed","og_description":"Raison sociale\u00a0: SOLJARDI SL Nom commercial\u00a0: SOLJARDI SL Si\u00e8ge social : C\/ Major, 32 \/ 17143 Jafre, Girona (Espagne) CIF\/ NIF: B17295452 T\u00e9l\u00e9phone\u00a0: + 34 972 768 024 Courrier \u00e9lectronique : info@soljardi.com Nom de domaine : www.soljardi.com Conform\u00e9ment aux dispositions de la loi organique 15\/1999 relative \u00e0 la protection des donn\u00e9es personnelles (LOPD) et \u00e0 [&hellip;]","og_url":"https:\/\/www.soljardi.com\/fr\/politique-de-confidentialit\/","og_site_name":"Sol Jard\u00ed","article_modified_time":"2021-12-17T09:44:05+00:00","twitter_card":"summary_large_image","twitter_misc":{"Est. reading time":"4 minutes"},"schema":{"@context":"https:\/\/schema.org","@graph":[{"@type":"WebPage","@id":"https:\/\/www.soljardi.com\/fr\/politique-de-confidentialit\/","url":"https:\/\/www.soljardi.com\/fr\/politique-de-confidentialit\/","name":"Politique de confidentialit\u00e9 - Sol Jard\u00ed","isPartOf":{"@id":"https:\/\/www.soljardi.com\/fr\/#website"},"datePublished":"2021-10-22T08:48:12+00:00","dateModified":"2021-12-17T09:44:05+00:00","breadcrumb":{"@id":"https:\/\/www.soljardi.com\/fr\/politique-de-confidentialit\/#breadcrumb"},"inLanguage":"fr-FR","potentialAction":[{"@type":"ReadAction","target":["https:\/\/www.soljardi.com\/fr\/politique-de-confidentialit\/"]}]},{"@type":"BreadcrumbList","@id":"https:\/\/www.soljardi.com\/fr\/politique-de-confidentialit\/#breadcrumb","itemListElement":[{"@type":"ListItem","position":1,"name":"Inici","item":"https:\/\/www.soljardi.com\/fr\/"},{"@type":"ListItem","position":2,"name":"Politique de confidentialit\u00e9"}]},{"@type":"WebSite","@id":"https:\/\/www.soljardi.com\/fr\/#website","url":"https:\/\/www.soljardi.com\/fr\/","name":"Sol Jard\u00ed","description":"Dedicats al cultiu d&#039;arbres fruiters en contenidor a Girona","potentialAction":[{"@type":"SearchAction","target":{"@type":"EntryPoint","urlTemplate":"https:\/\/www.soljardi.com\/fr\/?s={search_term_string}"},"query-input":{"@type":"PropertyValueSpecification","valueRequired":true,"valueName":"search_term_string"}}],"inLanguage":"fr-FR"}]}},"_links":{"self":[{"href":"https:\/\/www.soljardi.com\/fr\/wp-json\/wp\/v2\/pages\/3482","targetHints":{"allow":["GET"]}}],"collection":[{"href":"https:\/\/www.soljardi.com\/fr\/wp-json\/wp\/v2\/pages"}],"about":[{"href":"https:\/\/www.soljardi.com\/fr\/wp-json\/wp\/v2\/types\/page"}],"author":[{"embeddable":true,"href":"https:\/\/www.soljardi.com\/fr\/wp-json\/wp\/v2\/users\/1"}],"replies":[{"embeddable":true,"href":"https:\/\/www.soljardi.com\/fr\/wp-json\/wp\/v2\/comments?post=3482"}],"version-history":[{"count":3,"href":"https:\/\/www.soljardi.com\/fr\/wp-json\/wp\/v2\/pages\/3482\/revisions"}],"predecessor-version":[{"id":3785,"href":"https:\/\/www.soljardi.com\/fr\/wp-json\/wp\/v2\/pages\/3482\/revisions\/3785"}],"wp:attachment":[{"href":"https:\/\/www.soljardi.com\/fr\/wp-json\/wp\/v2\/media?parent=3482"}],"wp:term":[{"taxonomy":"page_template","embeddable":true,"href":"https:\/\/www.soljardi.com\/fr\/wp-json\/wp\/v2\/page_template?post=3482"}],"curies":[{"name":"wp","href":"https:\/\/api.w.org\/{rel}","templated":true}]}}