{"id":3480,"date":"2021-10-22T10:46:42","date_gmt":"2021-10-22T08:46:42","guid":{"rendered":"http:\/\/soljardi.volcanicvalley.com\/politique-de-cookies\/"},"modified":"2021-12-14T11:32:47","modified_gmt":"2021-12-14T09:32:47","slug":"politique-de-cookies","status":"publish","type":"page","link":"https:\/\/www.soljardi.com\/fr\/politique-de-cookies\/","title":{"rendered":"Politique de cookies"},"content":{"rendered":"\n<p>Concernant les cookies pendant la navigation<\/p>\n\n\n\n<p>Un cookie (ou cookie informatique) est une petite information envoy\u00e9e par un site Web et stock\u00e9e dans le navigateur de l'utilisateur, afin que le site Web puisse v\u00e9rifier l'activit\u00e9 pr\u00e9c\u00e9dente de l'utilisateur. Ses fonctions principales sont :<\/p>\n\n\n\n<ul class=\"wp-block-list\"><li>Garder une trace des utilisateurs : lorsqu'un utilisateur entre son nom d'utilisateur et son mot de passe, un cookie est stock\u00e9 afin qu'il ne soit pas n\u00e9cessaire de le saisir pour chaque page du serveur. D'un autre c\u00f4t\u00e9, un cookie n'identifie pas seulement une personne, mais une combinaison utilisateur-navigateur-ordinateur.<\/li><li>Obtenir des informations sur les habitudes de navigation de l'utilisateur, entre autres.<\/li><\/ul>\n\n\n\n<p><strong>Cookies propres :<\/strong><\/p>\n\n\n\n<figure class=\"wp-block-table\"><table><tbody><tr><td>Tipo de cookie<\/td><td>But<\/td><\/tr><tr><td>_ga, _gid<\/td><td>Il est utilis\u00e9 pour distinguer les utilisateurs, l'analyse<\/td><\/tr><tr><td>_gat_gtag<\/td><td>Utilis\u00e9 pour limiter le pourcentage de demandes<\/td><\/tr><tr><td>tk_qs, tk_tc<\/td><td>Enregistre les donn\u00e9es comportementales, analyse interne<\/td><\/tr><tr><td>wp-wpml_current_language<\/td><td>Stocke des informations sur la langue utilis\u00e9e<\/td><\/tr><tr><td>cookie_notice_accepted<\/td><td>Enregistre des informations sur l'acceptation des cookies<\/td><\/tr><\/tbody><\/table><\/figure>\n\n\n\n<p><strong>Cookies de tiers sur le portail :<\/strong><\/p>\n\n\n\n<figure class=\"wp-block-table\"><table><tbody><tr><td>Type de cookie<\/td><td>Entreprise<\/td><td>Finalit\u00e9<\/td><td>+ Information<\/td><\/tr><tr><td>_utma_utmb_utmc_utmz<\/td><td>Google<\/td><td>Navigation anonyme qui vous permet de savoir ce qui est consult\u00e9 et comment vous naviguez<\/td><td><a href=\"http:\/\/www.google.es\/intl\/es\/analytics\/privacyoverview.html\">http:\/\/www.google.es\/intl\/es\/analytics\/privacyoverview.html<\/a><\/td><\/tr><tr><td>AWSALBAWSALBCORS<\/td><td>Chatra<\/td><td>Cookie d'\u00e9quilibrage qui se connecte au bon serveur Chatra<\/td><td><a href=\"https:\/\/chatra.io\/privacy-policy\/\">https:\/\/chatra.io\/privacy-policy\/<\/a><\/td><\/tr><\/tbody><\/table><\/figure>\n\n\n\n<p><strong>G\u00c9RER LES COOKIES<\/strong><\/p>\n\n\n\n<p>Vous pouvez autoriser, bloquer ou supprimer les cookies install\u00e9s sur votre ordinateur en configurant les options du navigateur install\u00e9 sur votre ordinateur.&nbsp;<\/p>\n\n\n\n<p>Si vous n'\u00eates pas s\u00fbr du type et de la version du navigateur que vous utilisez pour acc\u00e9der \u00e0 Internet :<\/p>\n\n\n\n<ul class=\"wp-block-list\"><li>Pour Windows : vous devez cliquer sur \"Aide\" en haut de la fen\u00eatre du navigateur et s\u00e9lectionner l'option \"A propos\".<\/li><li>Pour Mac : avec la fen\u00eatre du navigateur ouverte, cliquez sur le menu Apple et s\u00e9lectionnez l'option \"\u00c0 propos de ...\".<\/li><\/ul>\n\n\n\n<p><strong>COMMENT G\u00c9RER LES COOKIES&nbsp; \u00c0 WINDOWS<\/strong><\/p>\n\n\n\n<p><strong>Google Chrome<\/strong><\/p>\n\n\n\n<ol class=\"wp-block-list\"><li>Cliquez sur le menu Chrome situ\u00e9 dans la barre d'outils du navigateur.<\/li><li>S\u00e9lectionnez \"Param\u00e8tres\".<\/li><li>Cliquez sur \"Afficher les options avanc\u00e9es ...\"<\/li><li>Dans la section \"Confidentialit\u00e9\", cliquez sur le bouton \"Param\u00e8tres de contenu ...\".<\/li><li>Dans la section \"Cookies\", vous pouvez configurer les options suivantes : Supprimer les cookies, bloquer ou autoriser les cookies par d\u00e9faut, inclure des exceptions de cookies de domaines ou sites Web sp\u00e9cifiques.<\/li><li>Si vous avez besoin de plus de d\u00e9tails, vous pouvez consulter l'aide de Google Chrome.<\/li><\/ol>\n\n\n\n<p><strong>Microsoft Internet Explorer 7.0 et 8.0<\/strong><\/p>\n\n\n\n<ol class=\"wp-block-list\"><li>Cliquez sur le bouton \"Outils\" puis sur \"Options Internet\".<\/li><li>Cliquez sur l'onglet \"Confidentialit\u00e9\", puis d\u00e9placez le curseur vers une position interm\u00e9diaire entre les extr\u00e9mit\u00e9s, sup\u00e9rieure et inf\u00e9rieure, afin que tous les cookies ne soient pas bloqu\u00e9s ou autoris\u00e9s.<\/li><li>Cliquez sur \"Lieux\".<\/li><li>Dans la zone \"Adresse du site Web\", saisissez l'adresse d'un site Web, puis cliquez sur \"Bloquer\" ou \"Autoriser\".<\/li><li>Au fur et \u00e0 mesure que vous tapez, une liste des pages Web que vous avez d\u00e9j\u00e0 visit\u00e9es appara\u00eet. Si vous cliquez sur un \u00e9l\u00e9ment de la liste, il sera affich\u00e9 dans la zone Adresse du site Web.<\/li><li>Une fois termin\u00e9, cliquez sur \"OK\".<\/li><li>Remettez le curseur \u00e0 sa position d'origine et cliquez sur \"OK\".<\/li><li>Vous pouvez consulter l'aide de Windows pour plus d'informations.<\/li><\/ol>\n\n\n\n<p><strong>Mozilla Firefox<\/strong><\/p>\n\n\n\n<ol class=\"wp-block-list\"><li>En haut de la fen\u00eatre Firefox, cliquez sur le bouton Firefox et s\u00e9lectionnez \"Options\".<\/li><li>S\u00e9lectionnez le panneau \"Confidentialit\u00e9\".<\/li><li>Pour \"Firefox, vous pouvez :\" choisir \"Utiliser les param\u00e8tres personnalis\u00e9s pour l'historique\".<\/li><li>Cochez l'option \"Accepter les cookies\" pour les activer et d\u00e9cochez-la pour les d\u00e9sactiver.<\/li><li>Si vous ne souhaitez pas recevoir de cookies tiers, d\u00e9cochez \"Accepter les cookies tiers\".<\/li><li>Vous pouvez consulter l'aide de Mozilla pour plus d'informations.<\/li><\/ol>\n\n\n\n<p><strong>Safari<\/strong><\/p>\n\n\n\n<ol class=\"wp-block-list\"><li>Cliquez sur \"Safari\" en haut de la fen\u00eatre du navigateur et s\u00e9lectionnez l'option \"Pr\u00e9f\u00e9rences\".<\/li><li>Cliquez sur \"Confidentialit\u00e9\".<\/li><li>Dans la section \"Bloquer les cookies\", s\u00e9lectionnez l'une des options suivantes en fonction de votre int\u00e9r\u00eat : \"Publicit\u00e9 et tiers\", \"Toujours\" ou \"Jamais\".<\/li><\/ol>\n\n\n\n<p><strong>Opera<\/strong><\/p>\n\n\n\n<ol class=\"wp-block-list\"><li>Cliquez sur \"Param\u00e8tres\" en haut de la fen\u00eatre du navigateur et s\u00e9lectionnez \"Options\".<\/li><li>S\u00e9lectionnez ensuite l'onglet \"Avanc\u00e9\" et dans la liste de gauche s\u00e9lectionnez \"Cookies\".<\/li><li>S\u00e9lectionnez ensuite \"Accepter les cookies\".<\/li><li>Vous avez trois options selon la pr\u00e9f\u00e9rence \"Accepter les cookies\".<\/li><\/ol>\n\n\n\n<p><strong>COMMENT G\u00c9RER LES COOKIES SUR MAC<\/strong><\/p>\n\n\n\n<p><strong>Google Chrome<\/strong><\/p>\n\n\n\n<ol class=\"wp-block-list\"><li>Cliquez sur le menu Chrome situ\u00e9 dans la barre d'outils du navigateur.<\/li><li>S\u00e9lectionnez \"Param\u00e8tres\".<\/li><li>Cliquez sur \"Afficher les options avanc\u00e9es ...\"<\/li><li>Dans la section \"Confidentialit\u00e9\", cliquez sur le bouton \"Param\u00e8tres de contenu ...\".<\/li><li>Dans la section \"Cookies\", vous pouvez configurer les options suivantes : Supprimer les cookies, bloquer ou autoriser les cookies par d\u00e9faut, inclure des exceptions de cookies de domaines ou sites Web sp\u00e9cifiques.<\/li><\/ol>\n\n\n\n<p><strong>Microsoft Internet Explorer<\/strong><\/p>\n\n\n\n<ol class=\"wp-block-list\"><li>Cliquez sur \"Explorer\" en haut de la fen\u00eatre de votre navigateur et s\u00e9lectionnez les options \"Pr\u00e9f\u00e9rences\".<\/li><li>Faites d\u00e9filer la liste jusqu'\u00e0 ce que \u00ab Cookies \u00bb apparaisse dans les fichiers re\u00e7us.<\/li><li>S\u00e9lectionnez l'option \"Ne jamais demander\".<\/li><li>Cliquez sur \"OK\".<\/li><\/ol>\n\n\n\n<p><strong>Mozilla Firefox<\/strong><\/p>\n\n\n\n<ol class=\"wp-block-list\"><li>Dans la barre de menus, cliquez sur le menu Firefox et s\u00e9lectionnez \"Pr\u00e9f\u00e9rences ...\".<\/li><li>S\u00e9lectionnez le panneau Confidentialit\u00e9.<\/li><li>Pour \"Firefox\"&nbsp;: vous devez choisir \"Utiliser les param\u00e8tres personnalis\u00e9s pour l'historique\".<\/li><li>Cochez l'option \"Accepter les cookies\" pour les activer et d\u00e9cochez-la pour les d\u00e9sactiver.<\/li><li>Si vous ne souhaitez pas recevoir de cookies tiers, d\u00e9cochez \"Accepter les cookies tiers\".<\/li><\/ol>\n\n\n\n<p><strong>Safari<\/strong><\/p>\n\n\n\n<ol class=\"wp-block-list\"><li>Cliquez sur \"Safari\" en haut de la fen\u00eatre du navigateur et s\u00e9lectionnez l'option \"Pr\u00e9f\u00e9rences\".<\/li><li>Cliquez sur \"Confidentialit\u00e9\".<\/li><li>Dans la section \"Bloquer les cookies\", s\u00e9lectionnez l'une des options suivantes en fonction de votre int\u00e9r\u00eat : \"Publicit\u00e9 et tiers\", \"Toujours\" ou \"Jamais\".<\/li><\/ol>\n\n\n\n<p><strong>Opera<\/strong><\/p>\n\n\n\n<ol class=\"wp-block-list\"><li>Cliquez sur \"Opera\" en haut de la fen\u00eatre du navigateur et s\u00e9lectionnez \"Options\".<\/li><li>S\u00e9lectionnez ensuite l'onglet \"Avanc\u00e9\" et dans la liste de gauche s\u00e9lectionnez \"Cookies\".<\/li><li>S\u00e9lectionnez ensuite \"Accepter les cookies\".<\/li><li>Il a trois options selon votre pr\u00e9f\u00e9rence : \"Accepter les cookies\", \"Accepter les cookies uniquement de l'endroit visit\u00e9\" et \"Ne jamais accepter les cookies\".<\/li><\/ol>\n","protected":false},"excerpt":{"rendered":"<p>Concernant les cookies pendant la navigation Un cookie (ou cookie informatique) est une petite information envoy\u00e9e par un site Web et stock\u00e9e dans le navigateur de l'utilisateur, afin que le site Web puisse v\u00e9rifier l'activit\u00e9 pr\u00e9c\u00e9dente de l'utilisateur. Ses fonctions principales sont : Garder une trace des utilisateurs : lorsqu'un utilisateur entre son nom d'utilisateur [&hellip;]<\/p>\n","protected":false},"author":2,"featured_media":0,"parent":0,"menu_order":0,"comment_status":"closed","ping_status":"closed","template":"","meta":{"_acf_changed":false,"footnotes":""},"page_template":[50],"class_list":["post-3480","page","type-page","status-publish","hentry","page_template-legal-pages"],"acf":[],"yoast_head":"<!-- This site is optimized with the Yoast SEO plugin v25.0 - https:\/\/yoast.com\/wordpress\/plugins\/seo\/ -->\n<title>Politique de cookies - Sol Jard\u00ed<\/title>\n<meta name=\"robots\" content=\"index, follow, max-snippet:-1, max-image-preview:large, max-video-preview:-1\" \/>\n<link rel=\"canonical\" href=\"https:\/\/www.soljardi.com\/fr\/politique-de-cookies\/\" \/>\n<meta property=\"og:locale\" content=\"fr_FR\" \/>\n<meta property=\"og:type\" content=\"article\" \/>\n<meta property=\"og:title\" content=\"Politique de cookies - Sol Jard\u00ed\" \/>\n<meta property=\"og:description\" content=\"Concernant les cookies pendant la navigation Un cookie (ou cookie informatique) est une petite information envoy\u00e9e par un site Web et stock\u00e9e dans le navigateur de l&#039;utilisateur, afin que le site Web puisse v\u00e9rifier l&#039;activit\u00e9 pr\u00e9c\u00e9dente de l&#039;utilisateur. Ses fonctions principales sont : Garder une trace des utilisateurs : lorsqu&#039;un utilisateur entre son nom d&#039;utilisateur [&hellip;]\" \/>\n<meta property=\"og:url\" content=\"https:\/\/www.soljardi.com\/fr\/politique-de-cookies\/\" \/>\n<meta property=\"og:site_name\" content=\"Sol Jard\u00ed\" \/>\n<meta property=\"article:modified_time\" content=\"2021-12-14T09:32:47+00:00\" \/>\n<meta name=\"twitter:card\" content=\"summary_large_image\" \/>\n<meta name=\"twitter:label1\" content=\"Est. reading time\" \/>\n\t<meta name=\"twitter:data1\" content=\"5 minutes\" \/>\n<script type=\"application\/ld+json\" class=\"yoast-schema-graph\">{\"@context\":\"https:\/\/schema.org\",\"@graph\":[{\"@type\":\"WebPage\",\"@id\":\"https:\/\/www.soljardi.com\/fr\/politique-de-cookies\/\",\"url\":\"https:\/\/www.soljardi.com\/fr\/politique-de-cookies\/\",\"name\":\"Politique de cookies - Sol Jard\u00ed\",\"isPartOf\":{\"@id\":\"https:\/\/www.soljardi.com\/fr\/#website\"},\"datePublished\":\"2021-10-22T08:46:42+00:00\",\"dateModified\":\"2021-12-14T09:32:47+00:00\",\"breadcrumb\":{\"@id\":\"https:\/\/www.soljardi.com\/fr\/politique-de-cookies\/#breadcrumb\"},\"inLanguage\":\"fr-FR\",\"potentialAction\":[{\"@type\":\"ReadAction\",\"target\":[\"https:\/\/www.soljardi.com\/fr\/politique-de-cookies\/\"]}]},{\"@type\":\"BreadcrumbList\",\"@id\":\"https:\/\/www.soljardi.com\/fr\/politique-de-cookies\/#breadcrumb\",\"itemListElement\":[{\"@type\":\"ListItem\",\"position\":1,\"name\":\"Inici\",\"item\":\"https:\/\/www.soljardi.com\/fr\/\"},{\"@type\":\"ListItem\",\"position\":2,\"name\":\"Politique de cookies\"}]},{\"@type\":\"WebSite\",\"@id\":\"https:\/\/www.soljardi.com\/fr\/#website\",\"url\":\"https:\/\/www.soljardi.com\/fr\/\",\"name\":\"Sol Jard\u00ed\",\"description\":\"Dedicats al cultiu d&#039;arbres fruiters en contenidor a Girona\",\"potentialAction\":[{\"@type\":\"SearchAction\",\"target\":{\"@type\":\"EntryPoint\",\"urlTemplate\":\"https:\/\/www.soljardi.com\/fr\/?s={search_term_string}\"},\"query-input\":{\"@type\":\"PropertyValueSpecification\",\"valueRequired\":true,\"valueName\":\"search_term_string\"}}],\"inLanguage\":\"fr-FR\"}]}<\/script>\n<!-- \/ Yoast SEO plugin. -->","yoast_head_json":{"title":"Politique de cookies - Sol Jard\u00ed","robots":{"index":"index","follow":"follow","max-snippet":"max-snippet:-1","max-image-preview":"max-image-preview:large","max-video-preview":"max-video-preview:-1"},"canonical":"https:\/\/www.soljardi.com\/fr\/politique-de-cookies\/","og_locale":"fr_FR","og_type":"article","og_title":"Politique de cookies - Sol Jard\u00ed","og_description":"Concernant les cookies pendant la navigation Un cookie (ou cookie informatique) est une petite information envoy\u00e9e par un site Web et stock\u00e9e dans le navigateur de l'utilisateur, afin que le site Web puisse v\u00e9rifier l'activit\u00e9 pr\u00e9c\u00e9dente de l'utilisateur. Ses fonctions principales sont : Garder une trace des utilisateurs : lorsqu'un utilisateur entre son nom d'utilisateur [&hellip;]","og_url":"https:\/\/www.soljardi.com\/fr\/politique-de-cookies\/","og_site_name":"Sol Jard\u00ed","article_modified_time":"2021-12-14T09:32:47+00:00","twitter_card":"summary_large_image","twitter_misc":{"Est. reading time":"5 minutes"},"schema":{"@context":"https:\/\/schema.org","@graph":[{"@type":"WebPage","@id":"https:\/\/www.soljardi.com\/fr\/politique-de-cookies\/","url":"https:\/\/www.soljardi.com\/fr\/politique-de-cookies\/","name":"Politique de cookies - Sol Jard\u00ed","isPartOf":{"@id":"https:\/\/www.soljardi.com\/fr\/#website"},"datePublished":"2021-10-22T08:46:42+00:00","dateModified":"2021-12-14T09:32:47+00:00","breadcrumb":{"@id":"https:\/\/www.soljardi.com\/fr\/politique-de-cookies\/#breadcrumb"},"inLanguage":"fr-FR","potentialAction":[{"@type":"ReadAction","target":["https:\/\/www.soljardi.com\/fr\/politique-de-cookies\/"]}]},{"@type":"BreadcrumbList","@id":"https:\/\/www.soljardi.com\/fr\/politique-de-cookies\/#breadcrumb","itemListElement":[{"@type":"ListItem","position":1,"name":"Inici","item":"https:\/\/www.soljardi.com\/fr\/"},{"@type":"ListItem","position":2,"name":"Politique de cookies"}]},{"@type":"WebSite","@id":"https:\/\/www.soljardi.com\/fr\/#website","url":"https:\/\/www.soljardi.com\/fr\/","name":"Sol Jard\u00ed","description":"Dedicats al cultiu d&#039;arbres fruiters en contenidor a Girona","potentialAction":[{"@type":"SearchAction","target":{"@type":"EntryPoint","urlTemplate":"https:\/\/www.soljardi.com\/fr\/?s={search_term_string}"},"query-input":{"@type":"PropertyValueSpecification","valueRequired":true,"valueName":"search_term_string"}}],"inLanguage":"fr-FR"}]}},"_links":{"self":[{"href":"https:\/\/www.soljardi.com\/fr\/wp-json\/wp\/v2\/pages\/3480","targetHints":{"allow":["GET"]}}],"collection":[{"href":"https:\/\/www.soljardi.com\/fr\/wp-json\/wp\/v2\/pages"}],"about":[{"href":"https:\/\/www.soljardi.com\/fr\/wp-json\/wp\/v2\/types\/page"}],"author":[{"embeddable":true,"href":"https:\/\/www.soljardi.com\/fr\/wp-json\/wp\/v2\/users\/2"}],"replies":[{"embeddable":true,"href":"https:\/\/www.soljardi.com\/fr\/wp-json\/wp\/v2\/comments?post=3480"}],"version-history":[{"count":4,"href":"https:\/\/www.soljardi.com\/fr\/wp-json\/wp\/v2\/pages\/3480\/revisions"}],"predecessor-version":[{"id":3777,"href":"https:\/\/www.soljardi.com\/fr\/wp-json\/wp\/v2\/pages\/3480\/revisions\/3777"}],"wp:attachment":[{"href":"https:\/\/www.soljardi.com\/fr\/wp-json\/wp\/v2\/media?parent=3480"}],"wp:term":[{"taxonomy":"page_template","embeddable":true,"href":"https:\/\/www.soljardi.com\/fr\/wp-json\/wp\/v2\/page_template?post=3480"}],"curies":[{"name":"wp","href":"https:\/\/api.w.org\/{rel}","templated":true}]}}