{"id":3478,"date":"2021-10-22T10:45:43","date_gmt":"2021-10-22T08:45:43","guid":{"rendered":"http:\/\/soljardi.volcanicvalley.com\/avertissement-legal\/"},"modified":"2021-12-17T11:42:24","modified_gmt":"2021-12-17T09:42:24","slug":"avertissement-legal","status":"publish","type":"page","link":"https:\/\/www.soljardi.com\/fr\/avertissement-legal\/","title":{"rendered":"Avis l\u00e9gal"},"content":{"rendered":"\n<p><strong>SOLJARDI SL<\/strong> est le responsable du site web www.soljardi.com, conform\u00e9ment aux dispositions l\u00e9gales \u00e9tablies par le droit au sujet des services de la soci\u00e9t\u00e9 de l\u2019information et du commerce \u00e9lectronique.<\/p>\n\n\n\n<p><strong>SOLJARDI SL<\/strong> est le propri\u00e9taire de ce site web et de tous les droits de propri\u00e9t\u00e9 intellectuelle et industrielle connexes. La reproduction, totale ou partielle, des contenus dudit site est totalement interdite sauf autorisation du titulaire ou du propri\u00e9taire de l\u2019\u00e9tablissement.<\/p>\n","protected":false},"excerpt":{"rendered":"<p>SOLJARDI SL est le responsable du site web www.soljardi.com, conform\u00e9ment aux dispositions l\u00e9gales \u00e9tablies par le droit au sujet des services de la soci\u00e9t\u00e9 de l\u2019information et du commerce \u00e9lectronique. SOLJARDI SL est le propri\u00e9taire de ce site web et de tous les droits de propri\u00e9t\u00e9 intellectuelle et industrielle connexes. La reproduction, totale ou partielle, [&hellip;]<\/p>\n","protected":false},"author":2,"featured_media":0,"parent":0,"menu_order":0,"comment_status":"closed","ping_status":"closed","template":"","meta":{"_acf_changed":false,"footnotes":""},"page_template":[50],"class_list":["post-3478","page","type-page","status-publish","hentry","page_template-legal-pages"],"acf":[],"yoast_head":"<!-- This site is optimized with the Yoast SEO plugin v25.0 - https:\/\/yoast.com\/wordpress\/plugins\/seo\/ -->\n<title>Avis l\u00e9gal - Sol Jard\u00ed<\/title>\n<meta name=\"robots\" content=\"index, follow, max-snippet:-1, max-image-preview:large, max-video-preview:-1\" \/>\n<link rel=\"canonical\" href=\"https:\/\/www.soljardi.com\/fr\/avertissement-legal\/\" \/>\n<meta property=\"og:locale\" content=\"fr_FR\" \/>\n<meta property=\"og:type\" content=\"article\" \/>\n<meta property=\"og:title\" content=\"Avis l\u00e9gal - Sol Jard\u00ed\" \/>\n<meta property=\"og:description\" content=\"SOLJARDI SL est le responsable du site web www.soljardi.com, conform\u00e9ment aux dispositions l\u00e9gales \u00e9tablies par le droit au sujet des services de la soci\u00e9t\u00e9 de l\u2019information et du commerce \u00e9lectronique. SOLJARDI SL est le propri\u00e9taire de ce site web et de tous les droits de propri\u00e9t\u00e9 intellectuelle et industrielle connexes. La reproduction, totale ou partielle, [&hellip;]\" \/>\n<meta property=\"og:url\" content=\"https:\/\/www.soljardi.com\/fr\/avertissement-legal\/\" \/>\n<meta property=\"og:site_name\" content=\"Sol Jard\u00ed\" \/>\n<meta property=\"article:modified_time\" content=\"2021-12-17T09:42:24+00:00\" \/>\n<meta name=\"twitter:card\" content=\"summary_large_image\" \/>\n<script type=\"application\/ld+json\" class=\"yoast-schema-graph\">{\"@context\":\"https:\/\/schema.org\",\"@graph\":[{\"@type\":\"WebPage\",\"@id\":\"https:\/\/www.soljardi.com\/fr\/avertissement-legal\/\",\"url\":\"https:\/\/www.soljardi.com\/fr\/avertissement-legal\/\",\"name\":\"Avis l\u00e9gal - Sol Jard\u00ed\",\"isPartOf\":{\"@id\":\"https:\/\/www.soljardi.com\/fr\/#website\"},\"datePublished\":\"2021-10-22T08:45:43+00:00\",\"dateModified\":\"2021-12-17T09:42:24+00:00\",\"breadcrumb\":{\"@id\":\"https:\/\/www.soljardi.com\/fr\/avertissement-legal\/#breadcrumb\"},\"inLanguage\":\"fr-FR\",\"potentialAction\":[{\"@type\":\"ReadAction\",\"target\":[\"https:\/\/www.soljardi.com\/fr\/avertissement-legal\/\"]}]},{\"@type\":\"BreadcrumbList\",\"@id\":\"https:\/\/www.soljardi.com\/fr\/avertissement-legal\/#breadcrumb\",\"itemListElement\":[{\"@type\":\"ListItem\",\"position\":1,\"name\":\"Inici\",\"item\":\"https:\/\/www.soljardi.com\/fr\/\"},{\"@type\":\"ListItem\",\"position\":2,\"name\":\"Avis l\u00e9gal\"}]},{\"@type\":\"WebSite\",\"@id\":\"https:\/\/www.soljardi.com\/fr\/#website\",\"url\":\"https:\/\/www.soljardi.com\/fr\/\",\"name\":\"Sol Jard\u00ed\",\"description\":\"Dedicats al cultiu d&#039;arbres fruiters en contenidor a Girona\",\"potentialAction\":[{\"@type\":\"SearchAction\",\"target\":{\"@type\":\"EntryPoint\",\"urlTemplate\":\"https:\/\/www.soljardi.com\/fr\/?s={search_term_string}\"},\"query-input\":{\"@type\":\"PropertyValueSpecification\",\"valueRequired\":true,\"valueName\":\"search_term_string\"}}],\"inLanguage\":\"fr-FR\"}]}<\/script>\n<!-- \/ Yoast SEO plugin. -->","yoast_head_json":{"title":"Avis l\u00e9gal - Sol Jard\u00ed","robots":{"index":"index","follow":"follow","max-snippet":"max-snippet:-1","max-image-preview":"max-image-preview:large","max-video-preview":"max-video-preview:-1"},"canonical":"https:\/\/www.soljardi.com\/fr\/avertissement-legal\/","og_locale":"fr_FR","og_type":"article","og_title":"Avis l\u00e9gal - Sol Jard\u00ed","og_description":"SOLJARDI SL est le responsable du site web www.soljardi.com, conform\u00e9ment aux dispositions l\u00e9gales \u00e9tablies par le droit au sujet des services de la soci\u00e9t\u00e9 de l\u2019information et du commerce \u00e9lectronique. SOLJARDI SL est le propri\u00e9taire de ce site web et de tous les droits de propri\u00e9t\u00e9 intellectuelle et industrielle connexes. La reproduction, totale ou partielle, [&hellip;]","og_url":"https:\/\/www.soljardi.com\/fr\/avertissement-legal\/","og_site_name":"Sol Jard\u00ed","article_modified_time":"2021-12-17T09:42:24+00:00","twitter_card":"summary_large_image","schema":{"@context":"https:\/\/schema.org","@graph":[{"@type":"WebPage","@id":"https:\/\/www.soljardi.com\/fr\/avertissement-legal\/","url":"https:\/\/www.soljardi.com\/fr\/avertissement-legal\/","name":"Avis l\u00e9gal - Sol Jard\u00ed","isPartOf":{"@id":"https:\/\/www.soljardi.com\/fr\/#website"},"datePublished":"2021-10-22T08:45:43+00:00","dateModified":"2021-12-17T09:42:24+00:00","breadcrumb":{"@id":"https:\/\/www.soljardi.com\/fr\/avertissement-legal\/#breadcrumb"},"inLanguage":"fr-FR","potentialAction":[{"@type":"ReadAction","target":["https:\/\/www.soljardi.com\/fr\/avertissement-legal\/"]}]},{"@type":"BreadcrumbList","@id":"https:\/\/www.soljardi.com\/fr\/avertissement-legal\/#breadcrumb","itemListElement":[{"@type":"ListItem","position":1,"name":"Inici","item":"https:\/\/www.soljardi.com\/fr\/"},{"@type":"ListItem","position":2,"name":"Avis l\u00e9gal"}]},{"@type":"WebSite","@id":"https:\/\/www.soljardi.com\/fr\/#website","url":"https:\/\/www.soljardi.com\/fr\/","name":"Sol Jard\u00ed","description":"Dedicats al cultiu d&#039;arbres fruiters en contenidor a Girona","potentialAction":[{"@type":"SearchAction","target":{"@type":"EntryPoint","urlTemplate":"https:\/\/www.soljardi.com\/fr\/?s={search_term_string}"},"query-input":{"@type":"PropertyValueSpecification","valueRequired":true,"valueName":"search_term_string"}}],"inLanguage":"fr-FR"}]}},"_links":{"self":[{"href":"https:\/\/www.soljardi.com\/fr\/wp-json\/wp\/v2\/pages\/3478","targetHints":{"allow":["GET"]}}],"collection":[{"href":"https:\/\/www.soljardi.com\/fr\/wp-json\/wp\/v2\/pages"}],"about":[{"href":"https:\/\/www.soljardi.com\/fr\/wp-json\/wp\/v2\/types\/page"}],"author":[{"embeddable":true,"href":"https:\/\/www.soljardi.com\/fr\/wp-json\/wp\/v2\/users\/2"}],"replies":[{"embeddable":true,"href":"https:\/\/www.soljardi.com\/fr\/wp-json\/wp\/v2\/comments?post=3478"}],"version-history":[{"count":2,"href":"https:\/\/www.soljardi.com\/fr\/wp-json\/wp\/v2\/pages\/3478\/revisions"}],"predecessor-version":[{"id":3783,"href":"https:\/\/www.soljardi.com\/fr\/wp-json\/wp\/v2\/pages\/3478\/revisions\/3783"}],"wp:attachment":[{"href":"https:\/\/www.soljardi.com\/fr\/wp-json\/wp\/v2\/media?parent=3478"}],"wp:term":[{"taxonomy":"page_template","embeddable":true,"href":"https:\/\/www.soljardi.com\/fr\/wp-json\/wp\/v2\/page_template?post=3478"}],"curies":[{"name":"wp","href":"https:\/\/api.w.org\/{rel}","templated":true}]}}