{"id":2685,"date":"2021-10-15T17:49:44","date_gmt":"2021-10-15T15:49:44","guid":{"rendered":"http:\/\/soljardi.volcanicvalley.com\/politica-de-privacidad\/"},"modified":"2021-10-22T10:38:51","modified_gmt":"2021-10-22T08:38:51","slug":"politica-de-privacidad","status":"publish","type":"page","link":"https:\/\/www.soljardi.com\/es\/politica-de-privacidad\/","title":{"rendered":"Pol\u00edtica de privacidad"},"content":{"rendered":"\n<p>Denominaci\u00f3n Social: <strong>SOLJARDI SL<\/strong><\/p>\n\n\n\n<p>Nombre Comercial: <strong>SOLJARDI SL<\/strong><\/p>\n\n\n\n<p>Domicilio Social: <strong><strong>C\/ Major, 32 \/ 17143 Jafre, Girona<\/strong><\/strong><\/p>\n\n\n\n<p>CIF\/ NIF: <strong><strong>B17295452<\/strong><\/strong><\/p>\n\n\n\n<p>Tel\u00e9fono: <strong><strong>972 768 024<\/strong><\/strong><\/p>\n\n\n\n<p>Correo electr\u00f3nico: <strong><strong><a href=\"mailto:info@soljardi.com\" target=\"_blank\" rel=\"noreferrer noopener\"><strong><a rel=\"noreferrer noopener\" target=\"_blank\" href=\"mailto:info@soljardi.com\">info@soljardi.com<\/a><\/strong><\/a><\/strong><\/strong><\/p>\n\n\n\n<p>Nombre de dominio :<strong> <strong><a rel=\"noreferrer noopener\" target=\"_blank\" href=\"http:\/\/www.soljardi.com\/\">www.soljardi.com<\/a><\/strong><\/strong><\/p>\n\n\n\n<p>De conformidad con lo dispuesto en la Ley Org\u00e1nica 15\/1999 de Protecci\u00f3n de datos de car\u00e1cter personal (LOPD) y su normativa de desarrollo, el responsable del sitio web, en cumplimiento de lo dispuesto en los art\u00edculos 5 y 6 de la LOPD, informa a todos los usuarios del sitio web que faciliten o vayan a facilitar sus datos personales, por eso ser incorporados en un fichero automatizado que se encuentra debidamente inscrito en la Agencia Espa\u00f1ola de Protecci\u00f3n de datos.<\/p>\n\n\n\n<p>Los usuarios, mediante la marcaci\u00f3n de la casilla, aceptan expresamente y de manera libre e inequ\u00edvoca que sus datos personales sean tratados por parte del prestador para realizar las siguientes finalidades.<\/p>\n\n\n\n<ol class=\"wp-block-list\"><li>Remisi\u00f3n de comunicaciones comerciales publicitarias por e-mail, fax, sms, mms, comunicados sociales o cualquier otro medio electr\u00f3nico o f\u00edsico, presente o futuro que haga posible realizar comunicaciones comerciales. Dichas comunicaciones comerciales ser\u00e1n relacionadas sobre productos o servicios ofrecidos por el prestador, as\u00ed como por parte de los colaboradores o partners con los que \u00e9ste hubiera alcanzado alg\u00fan acuerdo de promoci\u00f3n comercial entre sus clientes. En este caso, los terceros nunca tendr\u00e1n acceso a los datos personales. En todo caso, las comunicaciones comerciales ser\u00e1n realizadas por parte del prestador y ser\u00e1n de productos y servicios relacionados con el sector del prestador.<\/li><li>Realizar estudios estad\u00edsticos.<\/li><li>Tramitar encargos, solicitudes o cualquier tipo de petici\u00f3n que sea realizada por el usuario en el sitio web de la compa\u00f1\u00eda.<\/li><li>Remitir el bolet\u00edn de noticias de la p\u00e1gina web.<\/li><\/ol>\n\n\n\n<p>El prestador informa y garantiza expresamente a los usuarios que sus datos personales no ser\u00e1n cedidos en ning\u00fan caso a terceras compa\u00f1\u00edas y que siempre que se tuviera que realizar alg\u00fan tipo de cesi\u00f3n de datos personales, de forma previa se solicitar\u00e1 el consentimiento expreso, informado e inequ\u00edvoco por parte de los titulares.<\/p>\n\n\n\n<p>Todos los datos solicitados a trav\u00e9s del sitio web son obligatorios ya que son necesarias para la prestaci\u00f3n de un servicio \u00f3ptimo al usuario. En caso de que no sean facilitados todos los datos, el prestador no garantiza que la informaci\u00f3n y servicios facilitados sean completamente ajustados a sus necesidades.<\/p>\n\n\n\n<p>El prestador garantiza en todo caso al usuario el ejercicio de los derechos de acceso, rectificaci\u00f3n, cancelaci\u00f3n informaci\u00f3n y oposici\u00f3n, en los t\u00e9rminos dispuestos en la legislaci\u00f3n vigente. Por ello, de conformidad con lo dispuesto en la Ley Org\u00e1nica 15\/1999 de Protecci\u00f3n de Datos de Car\u00e1cter Personal (LOPD) podr\u00e1 ejercitar sus derechos remitiendo una solicitud expresa, justamente con una copia de su DNI a trav\u00e9s de los siguientes medios :<\/p>\n\n\n\n<ol class=\"wp-block-list\"><li>Correo electr\u00f3nico: <strong><strong><a rel=\"noreferrer noopener\" target=\"_blank\" href=\"mailto:info@soljardi.com\">info@soljardi.com<\/a><\/strong><\/strong><\/li><li>Fax : <strong><strong>972 768 024<\/strong><\/strong><\/li><li>Correo postal : <strong><strong>C\/ Major, 32 \/ 17143 Jafre, Girona<\/strong><\/strong><\/li><\/ol>\n\n\n\n<p>Del mismo modo, el usuario podr\u00e1 darse de baja de cualquiera de los servicios de suscripci\u00f3n en el apartado de darse de baja de todos los correos electr\u00f3nicos remitidos por parte del prestador.<\/p>\n\n\n\n<p>Del mismo modo, el prestador ha adoptado todas las medidas t\u00e9cnicas y de organizaci\u00f3n necesarias para garantizar la seguridad e integridad de los datos de car\u00e1cter personal que trate, para evitar su p\u00e9rdida, alteraci\u00f3n y \/ o acceso por parte de terceros no autorizados .<\/p>\n\n\n\n<h2 class=\"wp-block-heading\">DIRECCIONES IP<\/h2>\n\n\n\n<p>Los servidores del sitio web podr\u00e1n detectar de manera autom\u00e1tica la direcci\u00f3n IP y el nombre del dominio utilizados por el usuario. Una direcci\u00f3n IP es un n\u00famero asignado autom\u00e1ticamente a un ordenador cuando \u00e9ste se conecta a Internet. Toda esta informaci\u00f3n es registrada en un fichero de actividad del servidor debidamente inscrito que permite el posterior procesamiento de los datos con el fin de obtener medidas solamente estad\u00edsticas que permitan conocer el n\u00famero de impresiones de p\u00e1ginas, el n\u00famero de visitas realizadas a los servicios web, el orden de visitas, el punto de acceso, etc.<\/p>\n\n\n\n<h2 class=\"wp-block-heading\">SEGURIDAD<\/h2>\n\n\n\n<p>El sitio web, utiliza t\u00e9cnicas de seguridad de la informaci\u00f3n generalmente aceptadas en la industria como firewalls, procedimientos de control de acceso y mecanismos criptogr\u00e1ficos. Todo ello con el objeto de evitar el acceso no autorizado a los datos. Para conseguirlo, el usuario \/ cliente, acepta que el prestador obtenga datos para efectos de la correspondiente autenticaci\u00f3n de los controles de acceso.<\/p>\n\n\n\n<p>Todo proceso de contrataci\u00f3n o que conlleve la introducci\u00f3n de datos personales de car\u00e1cter alto (salud, ideolog\u00eda ...) ser\u00e1n siempre transmitidos mediante un protocolo de comunicaci\u00f3n segura (https: \/\/ ...) de tal forma que ning\u00fan tercero tenga acceso a la informaci\u00f3n transmitida v\u00eda electr\u00f3nica.<\/p>\n","protected":false},"excerpt":{"rendered":"<p>Denominaci\u00f3n Social: SOLJARDI SL Nombre Comercial: SOLJARDI SL Domicilio Social: C\/ Major, 32 \/ 17143 Jafre, Girona CIF\/ NIF: B17295452 Tel\u00e9fono: 972 768 024 Correo electr\u00f3nico: info@soljardi.com Nombre de dominio : www.soljardi.com De conformidad con lo dispuesto en la Ley Org\u00e1nica 15\/1999 de Protecci\u00f3n de datos de car\u00e1cter personal (LOPD) y su normativa de desarrollo, [&hellip;]<\/p>\n","protected":false},"author":1,"featured_media":0,"parent":0,"menu_order":0,"comment_status":"closed","ping_status":"closed","template":"","meta":{"_acf_changed":false,"footnotes":""},"page_template":[93],"class_list":["post-2685","page","type-page","status-publish","hentry","page_template-legal-pages-es"],"acf":[],"yoast_head":"<!-- This site is optimized with the Yoast SEO plugin v25.0 - https:\/\/yoast.com\/wordpress\/plugins\/seo\/ -->\n<title>Pol\u00edtica de privacidad - Sol Jard\u00ed<\/title>\n<meta name=\"robots\" content=\"index, follow, max-snippet:-1, max-image-preview:large, max-video-preview:-1\" \/>\n<link rel=\"canonical\" href=\"https:\/\/www.soljardi.com\/es\/politica-de-privacidad\/\" \/>\n<meta property=\"og:locale\" content=\"es_ES\" \/>\n<meta property=\"og:type\" content=\"article\" \/>\n<meta property=\"og:title\" content=\"Pol\u00edtica de privacidad - Sol Jard\u00ed\" \/>\n<meta property=\"og:description\" content=\"Denominaci\u00f3n Social: SOLJARDI SL Nombre Comercial: SOLJARDI SL Domicilio Social: C\/ Major, 32 \/ 17143 Jafre, Girona CIF\/ NIF: B17295452 Tel\u00e9fono: 972 768 024 Correo electr\u00f3nico: info@soljardi.com Nombre de dominio : www.soljardi.com De conformidad con lo dispuesto en la Ley Org\u00e1nica 15\/1999 de Protecci\u00f3n de datos de car\u00e1cter personal (LOPD) y su normativa de desarrollo, [&hellip;]\" \/>\n<meta property=\"og:url\" content=\"https:\/\/www.soljardi.com\/es\/politica-de-privacidad\/\" \/>\n<meta property=\"og:site_name\" content=\"Sol Jard\u00ed\" \/>\n<meta property=\"article:modified_time\" content=\"2021-10-22T08:38:51+00:00\" \/>\n<meta name=\"twitter:card\" content=\"summary_large_image\" \/>\n<meta name=\"twitter:label1\" content=\"Tiempo de lectura\" \/>\n\t<meta name=\"twitter:data1\" content=\"4 minutos\" \/>\n<script type=\"application\/ld+json\" class=\"yoast-schema-graph\">{\"@context\":\"https:\/\/schema.org\",\"@graph\":[{\"@type\":\"WebPage\",\"@id\":\"https:\/\/www.soljardi.com\/es\/politica-de-privacidad\/\",\"url\":\"https:\/\/www.soljardi.com\/es\/politica-de-privacidad\/\",\"name\":\"Pol\u00edtica de privacidad - Sol Jard\u00ed\",\"isPartOf\":{\"@id\":\"https:\/\/www.soljardi.com\/es\/#website\"},\"datePublished\":\"2021-10-15T15:49:44+00:00\",\"dateModified\":\"2021-10-22T08:38:51+00:00\",\"breadcrumb\":{\"@id\":\"https:\/\/www.soljardi.com\/es\/politica-de-privacidad\/#breadcrumb\"},\"inLanguage\":\"es\",\"potentialAction\":[{\"@type\":\"ReadAction\",\"target\":[\"https:\/\/www.soljardi.com\/es\/politica-de-privacidad\/\"]}]},{\"@type\":\"BreadcrumbList\",\"@id\":\"https:\/\/www.soljardi.com\/es\/politica-de-privacidad\/#breadcrumb\",\"itemListElement\":[{\"@type\":\"ListItem\",\"position\":1,\"name\":\"Inici\",\"item\":\"https:\/\/www.soljardi.com\/es\/\"},{\"@type\":\"ListItem\",\"position\":2,\"name\":\"Pol\u00edtica de privacidad\"}]},{\"@type\":\"WebSite\",\"@id\":\"https:\/\/www.soljardi.com\/es\/#website\",\"url\":\"https:\/\/www.soljardi.com\/es\/\",\"name\":\"Sol Jard\u00ed\",\"description\":\"Dedicats al cultiu d&#039;arbres fruiters en contenidor a Girona\",\"potentialAction\":[{\"@type\":\"SearchAction\",\"target\":{\"@type\":\"EntryPoint\",\"urlTemplate\":\"https:\/\/www.soljardi.com\/es\/?s={search_term_string}\"},\"query-input\":{\"@type\":\"PropertyValueSpecification\",\"valueRequired\":true,\"valueName\":\"search_term_string\"}}],\"inLanguage\":\"es\"}]}<\/script>\n<!-- \/ Yoast SEO plugin. -->","yoast_head_json":{"title":"Pol\u00edtica de privacidad - Sol Jard\u00ed","robots":{"index":"index","follow":"follow","max-snippet":"max-snippet:-1","max-image-preview":"max-image-preview:large","max-video-preview":"max-video-preview:-1"},"canonical":"https:\/\/www.soljardi.com\/es\/politica-de-privacidad\/","og_locale":"es_ES","og_type":"article","og_title":"Pol\u00edtica de privacidad - Sol Jard\u00ed","og_description":"Denominaci\u00f3n Social: SOLJARDI SL Nombre Comercial: SOLJARDI SL Domicilio Social: C\/ Major, 32 \/ 17143 Jafre, Girona CIF\/ NIF: B17295452 Tel\u00e9fono: 972 768 024 Correo electr\u00f3nico: info@soljardi.com Nombre de dominio : www.soljardi.com De conformidad con lo dispuesto en la Ley Org\u00e1nica 15\/1999 de Protecci\u00f3n de datos de car\u00e1cter personal (LOPD) y su normativa de desarrollo, [&hellip;]","og_url":"https:\/\/www.soljardi.com\/es\/politica-de-privacidad\/","og_site_name":"Sol Jard\u00ed","article_modified_time":"2021-10-22T08:38:51+00:00","twitter_card":"summary_large_image","twitter_misc":{"Tiempo de lectura":"4 minutos"},"schema":{"@context":"https:\/\/schema.org","@graph":[{"@type":"WebPage","@id":"https:\/\/www.soljardi.com\/es\/politica-de-privacidad\/","url":"https:\/\/www.soljardi.com\/es\/politica-de-privacidad\/","name":"Pol\u00edtica de privacidad - Sol Jard\u00ed","isPartOf":{"@id":"https:\/\/www.soljardi.com\/es\/#website"},"datePublished":"2021-10-15T15:49:44+00:00","dateModified":"2021-10-22T08:38:51+00:00","breadcrumb":{"@id":"https:\/\/www.soljardi.com\/es\/politica-de-privacidad\/#breadcrumb"},"inLanguage":"es","potentialAction":[{"@type":"ReadAction","target":["https:\/\/www.soljardi.com\/es\/politica-de-privacidad\/"]}]},{"@type":"BreadcrumbList","@id":"https:\/\/www.soljardi.com\/es\/politica-de-privacidad\/#breadcrumb","itemListElement":[{"@type":"ListItem","position":1,"name":"Inici","item":"https:\/\/www.soljardi.com\/es\/"},{"@type":"ListItem","position":2,"name":"Pol\u00edtica de privacidad"}]},{"@type":"WebSite","@id":"https:\/\/www.soljardi.com\/es\/#website","url":"https:\/\/www.soljardi.com\/es\/","name":"Sol Jard\u00ed","description":"Dedicats al cultiu d&#039;arbres fruiters en contenidor a Girona","potentialAction":[{"@type":"SearchAction","target":{"@type":"EntryPoint","urlTemplate":"https:\/\/www.soljardi.com\/es\/?s={search_term_string}"},"query-input":{"@type":"PropertyValueSpecification","valueRequired":true,"valueName":"search_term_string"}}],"inLanguage":"es"}]}},"_links":{"self":[{"href":"https:\/\/www.soljardi.com\/es\/wp-json\/wp\/v2\/pages\/2685","targetHints":{"allow":["GET"]}}],"collection":[{"href":"https:\/\/www.soljardi.com\/es\/wp-json\/wp\/v2\/pages"}],"about":[{"href":"https:\/\/www.soljardi.com\/es\/wp-json\/wp\/v2\/types\/page"}],"author":[{"embeddable":true,"href":"https:\/\/www.soljardi.com\/es\/wp-json\/wp\/v2\/users\/1"}],"replies":[{"embeddable":true,"href":"https:\/\/www.soljardi.com\/es\/wp-json\/wp\/v2\/comments?post=2685"}],"version-history":[{"count":4,"href":"https:\/\/www.soljardi.com\/es\/wp-json\/wp\/v2\/pages\/2685\/revisions"}],"predecessor-version":[{"id":3477,"href":"https:\/\/www.soljardi.com\/es\/wp-json\/wp\/v2\/pages\/2685\/revisions\/3477"}],"wp:attachment":[{"href":"https:\/\/www.soljardi.com\/es\/wp-json\/wp\/v2\/media?parent=2685"}],"wp:term":[{"taxonomy":"page_template","embeddable":true,"href":"https:\/\/www.soljardi.com\/es\/wp-json\/wp\/v2\/page_template?post=2685"}],"curies":[{"name":"wp","href":"https:\/\/api.w.org\/{rel}","templated":true}]}}